{"id":10246,"date":"2015-06-28T01:20:17","date_gmt":"2015-06-28T01:20:17","guid":{"rendered":"http:\/\/themes.truethemes.net\/Karma-4.0\/?page_id=10246"},"modified":"2023-03-28T10:16:17","modified_gmt":"2023-03-28T08:16:17","slug":"home","status":"publish","type":"page","link":"https:\/\/coderdojo-annecy.com\/index.php\/","title":{"rendered":"CODER DOJO ANNECY"},"content":{"rendered":"\n<div class=\"wp-block-media-text alignwide is-stacked-on-mobile\"><figure class=\"wp-block-media-text__media\"><img loading=\"lazy\" decoding=\"async\" width=\"1024\" height=\"768\" src=\"https:\/\/coderdojo-annecy.com\/wp-content\/uploads\/2023\/03\/IMG_1876-1024x768.jpg\" alt=\"\" class=\"wp-image-11846 size-full\" srcset=\"https:\/\/coderdojo-annecy.com\/wp-content\/uploads\/2023\/03\/IMG_1876-1024x768.jpg 1024w, https:\/\/coderdojo-annecy.com\/wp-content\/uploads\/2023\/03\/IMG_1876-300x225.jpg 300w, https:\/\/coderdojo-annecy.com\/wp-content\/uploads\/2023\/03\/IMG_1876-768x576.jpg 768w, https:\/\/coderdojo-annecy.com\/wp-content\/uploads\/2023\/03\/IMG_1876-1536x1152.jpg 1536w, https:\/\/coderdojo-annecy.com\/wp-content\/uploads\/2023\/03\/IMG_1876-2000x1500.jpg 2000w, https:\/\/coderdojo-annecy.com\/wp-content\/uploads\/2023\/03\/IMG_1876.jpg 2048w\" sizes=\"auto, (max-width: 1024px) 100vw, 1024px\" \/><\/figure><div class=\"wp-block-media-text__content\">\n<p>Coder Dojo Annecy est une association d\u00e9di\u00e9 \u00e0 l&rsquo;initiation des 8-18 ans \u00e0 la programmation et \u00e0 la culture num\u00e9rique.<br><br>Coder Dojo est soutenu par CITIA, La ville d&rsquo;Annecy et MCI.<br><br>Retrouvez-nous tous les vendredi soir \u00e0 18h aux Pap\u00e8teries Images Factory place Augustin Aussiat \u00e0 Annecy Cran Gevrier.<\/p>\n\n\n\n<p><\/p>\n<\/div><\/div>\n\n\n\n<div style=\"height:100px\" aria-hidden=\"true\" class=\"wp-block-spacer\"><\/div>\n\n\n\n<h3 class=\"has-text-align-center wp-block-heading\">Tout le mat\u00e9riel est \u00e0 disposition <\/h3>\n\n\n\n<div class=\"wp-block-columns is-layout-flex wp-container-core-columns-is-layout-28f84493 wp-block-columns-is-layout-flex\">\n<div class=\"wp-block-column is-layout-flow wp-block-column-is-layout-flow\">\n<p>Coderdojo dispose de tout le mat\u00e9riel, inutile d&rsquo;apporter un ordinateur.<br><br>Nous disposons de diff\u00e9rents type de robots p\u00e9dagogiques et d&rsquo;ordinateurs portables avec tous les logiciels install\u00e9s.<\/p>\n<\/div>\n\n\n\n<div class=\"wp-block-column is-layout-flow wp-block-column-is-layout-flow\">\n<div class=\"wp-block-group is-vertical is-layout-flex wp-container-core-group-is-layout-fe9cc265 wp-block-group-is-layout-flex\">\n<figure class=\"wp-block-gallery has-nested-images columns-3 is-cropped wp-block-gallery-1 is-layout-flex wp-block-gallery-is-layout-flex\">\n<figure class=\"wp-block-image size-thumbnail\"><img loading=\"lazy\" decoding=\"async\" width=\"150\" height=\"150\" data-id=\"11884\" src=\"https:\/\/coderdojo-annecy.com\/wp-content\/uploads\/2023\/03\/160498_03d2ea74-1f5e-41c2-b45f-8abefed52ec5-150x150.jpg\" alt=\"\" class=\"wp-image-11884\" srcset=\"https:\/\/coderdojo-annecy.com\/wp-content\/uploads\/2023\/03\/160498_03d2ea74-1f5e-41c2-b45f-8abefed52ec5-150x150.jpg 150w, https:\/\/coderdojo-annecy.com\/wp-content\/uploads\/2023\/03\/160498_03d2ea74-1f5e-41c2-b45f-8abefed52ec5-300x300.jpg 300w, https:\/\/coderdojo-annecy.com\/wp-content\/uploads\/2023\/03\/160498_03d2ea74-1f5e-41c2-b45f-8abefed52ec5.jpg 750w\" sizes=\"auto, (max-width: 150px) 100vw, 150px\" \/><\/figure>\n\n\n\n<figure class=\"wp-block-image size-thumbnail\"><img loading=\"lazy\" decoding=\"async\" width=\"150\" height=\"150\" data-id=\"11886\" src=\"https:\/\/coderdojo-annecy.com\/wp-content\/uploads\/2023\/03\/AConstruire-Programmer_Lego_Mindstorms-EV3-150x150.png\" alt=\"\" class=\"wp-image-11886\"\/><\/figure>\n\n\n\n<figure class=\"wp-block-image size-thumbnail\"><img loading=\"lazy\" decoding=\"async\" width=\"150\" height=\"150\" data-id=\"11885\" src=\"https:\/\/coderdojo-annecy.com\/wp-content\/uploads\/2023\/03\/ranger-150x150.jpg\" alt=\"\" class=\"wp-image-11885\"\/><\/figure>\n<\/figure>\n<\/div>\n<\/div>\n<\/div>\n\n\n\n<div style=\"height:50px\" aria-hidden=\"true\" class=\"wp-block-spacer\"><\/div>\n\n\n\n<h3 class=\"has-text-align-center wp-block-heading\">Apprentissage par le jeu et en \u00e9quipe<\/h3>\n\n\n\n<div class=\"wp-block-media-text alignwide is-stacked-on-mobile\"><figure class=\"wp-block-media-text__media\"><img loading=\"lazy\" decoding=\"async\" width=\"1024\" height=\"768\" src=\"https:\/\/coderdojo-annecy.com\/wp-content\/uploads\/2023\/03\/Coderdojo_annecy_IMG_8120-1024x768.jpg\" alt=\"\" class=\"wp-image-11844 size-full\" srcset=\"https:\/\/coderdojo-annecy.com\/wp-content\/uploads\/2023\/03\/Coderdojo_annecy_IMG_8120-1024x768.jpg 1024w, https:\/\/coderdojo-annecy.com\/wp-content\/uploads\/2023\/03\/Coderdojo_annecy_IMG_8120-300x225.jpg 300w, https:\/\/coderdojo-annecy.com\/wp-content\/uploads\/2023\/03\/Coderdojo_annecy_IMG_8120-768x576.jpg 768w, https:\/\/coderdojo-annecy.com\/wp-content\/uploads\/2023\/03\/Coderdojo_annecy_IMG_8120-1536x1152.jpg 1536w, https:\/\/coderdojo-annecy.com\/wp-content\/uploads\/2023\/03\/Coderdojo_annecy_IMG_8120-2048x1536.jpg 2048w, https:\/\/coderdojo-annecy.com\/wp-content\/uploads\/2023\/03\/Coderdojo_annecy_IMG_8120-2000x1500.jpg 2000w\" sizes=\"auto, (max-width: 1024px) 100vw, 1024px\" \/><\/figure><div class=\"wp-block-media-text__content\">\n<p>La philosophie de Coder Dojo est la collaboration et l&rsquo;apprentissage par le jeu. <\/p>\n\n\n\n<p>Ici pas de test, pas de devoir. Chacun avance \u00e0 son rythme et choisit les activit\u00e9s qu&rsquo;il pr\u00e9f\u00e8re.<br><br>On a le droit de copier les autres et on est encourag\u00e9 \u00e0 aider les nouveaux (c&rsquo;est en apprenant aux autres que l&rsquo;on retient le mieux les nouveaux concepts).<\/p>\n\n\n\n<p><\/p>\n<\/div><\/div>\n\n\n\n<div style=\"height:100px\" aria-hidden=\"true\" class=\"wp-block-spacer\"><\/div>\n\n\n\n<figure class=\"wp-block-gallery has-nested-images columns-default is-cropped wp-block-gallery-2 is-layout-flex wp-block-gallery-is-layout-flex\">\n<figure class=\"wp-block-image size-large\"><img loading=\"lazy\" decoding=\"async\" width=\"1024\" height=\"683\" data-id=\"11871\" src=\"https:\/\/coderdojo-annecy.com\/wp-content\/uploads\/2023\/03\/Coderdojo_annecy_8368-1024x683.jpg\" alt=\"\" class=\"wp-image-11871\" srcset=\"https:\/\/coderdojo-annecy.com\/wp-content\/uploads\/2023\/03\/Coderdojo_annecy_8368-1024x683.jpg 1024w, https:\/\/coderdojo-annecy.com\/wp-content\/uploads\/2023\/03\/Coderdojo_annecy_8368-300x200.jpg 300w, https:\/\/coderdojo-annecy.com\/wp-content\/uploads\/2023\/03\/Coderdojo_annecy_8368-768x512.jpg 768w, https:\/\/coderdojo-annecy.com\/wp-content\/uploads\/2023\/03\/Coderdojo_annecy_8368-1536x1024.jpg 1536w, https:\/\/coderdojo-annecy.com\/wp-content\/uploads\/2023\/03\/Coderdojo_annecy_8368-2048x1365.jpg 2048w, https:\/\/coderdojo-annecy.com\/wp-content\/uploads\/2023\/03\/Coderdojo_annecy_8368-2000x1333.jpg 2000w\" sizes=\"auto, (max-width: 1024px) 100vw, 1024px\" \/><\/figure>\n\n\n\n<figure class=\"wp-block-image size-large\"><img loading=\"lazy\" decoding=\"async\" width=\"1024\" height=\"768\" data-id=\"11848\" src=\"https:\/\/coderdojo-annecy.com\/wp-content\/uploads\/2023\/03\/IMG_2862-1024x768.jpg\" alt=\"\" class=\"wp-image-11848\" srcset=\"https:\/\/coderdojo-annecy.com\/wp-content\/uploads\/2023\/03\/IMG_2862-1024x768.jpg 1024w, https:\/\/coderdojo-annecy.com\/wp-content\/uploads\/2023\/03\/IMG_2862-300x225.jpg 300w, https:\/\/coderdojo-annecy.com\/wp-content\/uploads\/2023\/03\/IMG_2862-768x576.jpg 768w, https:\/\/coderdojo-annecy.com\/wp-content\/uploads\/2023\/03\/IMG_2862-1536x1152.jpg 1536w, https:\/\/coderdojo-annecy.com\/wp-content\/uploads\/2023\/03\/IMG_2862-2048x1536.jpg 2048w, https:\/\/coderdojo-annecy.com\/wp-content\/uploads\/2023\/03\/IMG_2862-2000x1500.jpg 2000w\" sizes=\"auto, (max-width: 1024px) 100vw, 1024px\" \/><\/figure>\n\n\n\n<figure class=\"wp-block-image size-large\"><img loading=\"lazy\" decoding=\"async\" width=\"1024\" height=\"683\" data-id=\"11869\" src=\"https:\/\/coderdojo-annecy.com\/wp-content\/uploads\/2023\/03\/Coderdojo_annecy_8367-1-1024x683.jpg\" alt=\"\" class=\"wp-image-11869\" srcset=\"https:\/\/coderdojo-annecy.com\/wp-content\/uploads\/2023\/03\/Coderdojo_annecy_8367-1-1024x683.jpg 1024w, https:\/\/coderdojo-annecy.com\/wp-content\/uploads\/2023\/03\/Coderdojo_annecy_8367-1-300x200.jpg 300w, https:\/\/coderdojo-annecy.com\/wp-content\/uploads\/2023\/03\/Coderdojo_annecy_8367-1-768x512.jpg 768w, https:\/\/coderdojo-annecy.com\/wp-content\/uploads\/2023\/03\/Coderdojo_annecy_8367-1-1536x1024.jpg 1536w, https:\/\/coderdojo-annecy.com\/wp-content\/uploads\/2023\/03\/Coderdojo_annecy_8367-1-2048x1365.jpg 2048w, https:\/\/coderdojo-annecy.com\/wp-content\/uploads\/2023\/03\/Coderdojo_annecy_8367-1-2000x1333.jpg 2000w\" sizes=\"auto, (max-width: 1024px) 100vw, 1024px\" \/><\/figure>\n\n\n\n<figure class=\"wp-block-image size-large\"><img loading=\"lazy\" decoding=\"async\" width=\"768\" height=\"1024\" data-id=\"11849\" src=\"https:\/\/coderdojo-annecy.com\/wp-content\/uploads\/2023\/03\/IMG_6617-768x1024.jpg\" alt=\"\" class=\"wp-image-11849\" srcset=\"https:\/\/coderdojo-annecy.com\/wp-content\/uploads\/2023\/03\/IMG_6617-768x1024.jpg 768w, https:\/\/coderdojo-annecy.com\/wp-content\/uploads\/2023\/03\/IMG_6617-225x300.jpg 225w, https:\/\/coderdojo-annecy.com\/wp-content\/uploads\/2023\/03\/IMG_6617-1152x1536.jpg 1152w, https:\/\/coderdojo-annecy.com\/wp-content\/uploads\/2023\/03\/IMG_6617-1536x2048.jpg 1536w, https:\/\/coderdojo-annecy.com\/wp-content\/uploads\/2023\/03\/IMG_6617-2000x2667.jpg 2000w, https:\/\/coderdojo-annecy.com\/wp-content\/uploads\/2023\/03\/IMG_6617-scaled.jpg 1920w\" sizes=\"auto, (max-width: 768px) 100vw, 768px\" \/><\/figure>\n\n\n\n<figure class=\"wp-block-image size-large\"><img loading=\"lazy\" decoding=\"async\" width=\"1024\" height=\"614\" data-id=\"11833\" src=\"https:\/\/coderdojo-annecy.com\/wp-content\/uploads\/2023\/03\/cropped-Coderdojo_annecy_8378-scaled-1-1024x614.jpg\" alt=\"\" class=\"wp-image-11833\" srcset=\"https:\/\/coderdojo-annecy.com\/wp-content\/uploads\/2023\/03\/cropped-Coderdojo_annecy_8378-scaled-1-1024x614.jpg 1024w, https:\/\/coderdojo-annecy.com\/wp-content\/uploads\/2023\/03\/cropped-Coderdojo_annecy_8378-scaled-1-300x180.jpg 300w, https:\/\/coderdojo-annecy.com\/wp-content\/uploads\/2023\/03\/cropped-Coderdojo_annecy_8378-scaled-1-768x461.jpg 768w, https:\/\/coderdojo-annecy.com\/wp-content\/uploads\/2023\/03\/cropped-Coderdojo_annecy_8378-scaled-1-1536x922.jpg 1536w, https:\/\/coderdojo-annecy.com\/wp-content\/uploads\/2023\/03\/cropped-Coderdojo_annecy_8378-scaled-1.jpg 2000w\" sizes=\"auto, (max-width: 1024px) 100vw, 1024px\" \/><\/figure>\n\n\n\n<figure class=\"wp-block-image size-large\"><img loading=\"lazy\" decoding=\"async\" width=\"1024\" height=\"768\" data-id=\"11845\" src=\"https:\/\/coderdojo-annecy.com\/wp-content\/uploads\/2023\/03\/Coderdojo_annecy_IMG_8132-1024x768.jpg\" alt=\"\" class=\"wp-image-11845\" srcset=\"https:\/\/coderdojo-annecy.com\/wp-content\/uploads\/2023\/03\/Coderdojo_annecy_IMG_8132-1024x768.jpg 1024w, https:\/\/coderdojo-annecy.com\/wp-content\/uploads\/2023\/03\/Coderdojo_annecy_IMG_8132-300x225.jpg 300w, https:\/\/coderdojo-annecy.com\/wp-content\/uploads\/2023\/03\/Coderdojo_annecy_IMG_8132-768x576.jpg 768w, https:\/\/coderdojo-annecy.com\/wp-content\/uploads\/2023\/03\/Coderdojo_annecy_IMG_8132-1536x1152.jpg 1536w, https:\/\/coderdojo-annecy.com\/wp-content\/uploads\/2023\/03\/Coderdojo_annecy_IMG_8132-2048x1536.jpg 2048w, https:\/\/coderdojo-annecy.com\/wp-content\/uploads\/2023\/03\/Coderdojo_annecy_IMG_8132-2000x1500.jpg 2000w\" sizes=\"auto, (max-width: 1024px) 100vw, 1024px\" \/><\/figure>\n\n\n\n<figure class=\"wp-block-image size-large\"><img loading=\"lazy\" decoding=\"async\" width=\"1024\" height=\"768\" data-id=\"11847\" src=\"https:\/\/coderdojo-annecy.com\/wp-content\/uploads\/2023\/03\/IMG_1880-1024x768.jpg\" alt=\"\" class=\"wp-image-11847\" srcset=\"https:\/\/coderdojo-annecy.com\/wp-content\/uploads\/2023\/03\/IMG_1880-1024x768.jpg 1024w, https:\/\/coderdojo-annecy.com\/wp-content\/uploads\/2023\/03\/IMG_1880-300x225.jpg 300w, https:\/\/coderdojo-annecy.com\/wp-content\/uploads\/2023\/03\/IMG_1880-768x576.jpg 768w, https:\/\/coderdojo-annecy.com\/wp-content\/uploads\/2023\/03\/IMG_1880-1536x1152.jpg 1536w, https:\/\/coderdojo-annecy.com\/wp-content\/uploads\/2023\/03\/IMG_1880-2000x1500.jpg 2000w, https:\/\/coderdojo-annecy.com\/wp-content\/uploads\/2023\/03\/IMG_1880.jpg 2048w\" sizes=\"auto, (max-width: 1024px) 100vw, 1024px\" \/><\/figure>\n<\/figure>\n","protected":false},"excerpt":{"rendered":"<p>Coder Dojo Annecy est une association d\u00e9di\u00e9 \u00e0 l&rsquo;initiation des 8-18 ans \u00e0 la programmation et \u00e0 la culture num\u00e9rique. Coder Dojo est soutenu par CITIA, La ville d&rsquo;Annecy et MCI. Retrouvez-nous tous les vendredi soir \u00e0 18h aux Pap\u00e8teries Images Factory place Augustin Aussiat \u00e0 Annecy Cran Gevrier. Tout le mat\u00e9riel est \u00e0 disposition &hellip; <\/p>\n<p class=\"link-more\"><a href=\"https:\/\/coderdojo-annecy.com\/index.php\/\" class=\"more-link\">Lire la suite de<span class=\"screen-reader-text\">\u00ab\u00a0CODER DOJO ANNECY\u00a0\u00bb<\/span><\/a><\/p>\n","protected":false},"author":1,"featured_media":0,"parent":0,"menu_order":0,"comment_status":"closed","ping_status":"closed","template":"template-page-builder.php","meta":{"inspiro_hide_title":false,"footnotes":""},"class_list":["post-10246","page","type-page","status-publish","hentry"],"_links":{"self":[{"href":"https:\/\/coderdojo-annecy.com\/index.php\/wp-json\/wp\/v2\/pages\/10246","targetHints":{"allow":["GET"]}}],"collection":[{"href":"https:\/\/coderdojo-annecy.com\/index.php\/wp-json\/wp\/v2\/pages"}],"about":[{"href":"https:\/\/coderdojo-annecy.com\/index.php\/wp-json\/wp\/v2\/types\/page"}],"author":[{"embeddable":true,"href":"https:\/\/coderdojo-annecy.com\/index.php\/wp-json\/wp\/v2\/users\/1"}],"replies":[{"embeddable":true,"href":"https:\/\/coderdojo-annecy.com\/index.php\/wp-json\/wp\/v2\/comments?post=10246"}],"version-history":[{"count":85,"href":"https:\/\/coderdojo-annecy.com\/index.php\/wp-json\/wp\/v2\/pages\/10246\/revisions"}],"predecessor-version":[{"id":11963,"href":"https:\/\/coderdojo-annecy.com\/index.php\/wp-json\/wp\/v2\/pages\/10246\/revisions\/11963"}],"wp:attachment":[{"href":"https:\/\/coderdojo-annecy.com\/index.php\/wp-json\/wp\/v2\/media?parent=10246"}],"curies":[{"name":"wp","href":"https:\/\/api.w.org\/{rel}","templated":true}]}}