{"id":11880,"date":"2023-03-27T18:49:47","date_gmt":"2023-03-27T16:49:47","guid":{"rendered":"https:\/\/coderdojo-annecy.com\/index.php\/?page_id=11880"},"modified":"2023-03-28T13:45:22","modified_gmt":"2023-03-28T11:45:22","slug":"robotique","status":"publish","type":"page","link":"https:\/\/coderdojo-annecy.com\/index.php\/robotique\/","title":{"rendered":"ROBOTIQUE"},"content":{"rendered":"\n<div class=\"is-vertical is-layout-flex wp-container-1 wp-block-group\"><\/div>\n\n\n\n<figure class=\"is-layout-flex wp-block-gallery-2 wp-block-gallery has-nested-images columns-default is-cropped\">\n<figure class=\"wp-block-image size-large\"><img decoding=\"async\" loading=\"lazy\" width=\"1024\" height=\"683\" data-id=\"11869\"  src=\"https:\/\/coderdojo-annecy.com\/wp-content\/uploads\/2023\/03\/Coderdojo_annecy_8367-1-1024x683.jpg\" alt=\"\" class=\"wp-image-11869\" srcset=\"https:\/\/coderdojo-annecy.com\/wp-content\/uploads\/2023\/03\/Coderdojo_annecy_8367-1-1024x683.jpg 1024w, https:\/\/coderdojo-annecy.com\/wp-content\/uploads\/2023\/03\/Coderdojo_annecy_8367-1-300x200.jpg 300w, https:\/\/coderdojo-annecy.com\/wp-content\/uploads\/2023\/03\/Coderdojo_annecy_8367-1-768x512.jpg 768w, https:\/\/coderdojo-annecy.com\/wp-content\/uploads\/2023\/03\/Coderdojo_annecy_8367-1-1536x1024.jpg 1536w, https:\/\/coderdojo-annecy.com\/wp-content\/uploads\/2023\/03\/Coderdojo_annecy_8367-1-2048x1365.jpg 2048w, https:\/\/coderdojo-annecy.com\/wp-content\/uploads\/2023\/03\/Coderdojo_annecy_8367-1-2000x1333.jpg 2000w\" sizes=\"(max-width: 1024px) 100vw, 1024px\" \/><\/figure>\n\n\n\n<figure class=\"wp-block-image size-large\"><img decoding=\"async\" loading=\"lazy\" width=\"1024\" height=\"683\" data-id=\"11871\"  src=\"https:\/\/coderdojo-annecy.com\/wp-content\/uploads\/2023\/03\/Coderdojo_annecy_8368-1024x683.jpg\" alt=\"\" class=\"wp-image-11871\" srcset=\"https:\/\/coderdojo-annecy.com\/wp-content\/uploads\/2023\/03\/Coderdojo_annecy_8368-1024x683.jpg 1024w, https:\/\/coderdojo-annecy.com\/wp-content\/uploads\/2023\/03\/Coderdojo_annecy_8368-300x200.jpg 300w, https:\/\/coderdojo-annecy.com\/wp-content\/uploads\/2023\/03\/Coderdojo_annecy_8368-768x512.jpg 768w, https:\/\/coderdojo-annecy.com\/wp-content\/uploads\/2023\/03\/Coderdojo_annecy_8368-1536x1024.jpg 1536w, https:\/\/coderdojo-annecy.com\/wp-content\/uploads\/2023\/03\/Coderdojo_annecy_8368-2048x1365.jpg 2048w, https:\/\/coderdojo-annecy.com\/wp-content\/uploads\/2023\/03\/Coderdojo_annecy_8368-2000x1333.jpg 2000w\" sizes=\"(max-width: 1024px) 100vw, 1024px\" \/><\/figure>\n\n\n\n<figure class=\"wp-block-image size-large\"><img decoding=\"async\" loading=\"lazy\" width=\"1024\" height=\"683\" data-id=\"11870\"  src=\"https:\/\/coderdojo-annecy.com\/wp-content\/uploads\/2023\/03\/Coderdojo_annecy_8370-1024x683.jpg\" alt=\"\" class=\"wp-image-11870\" srcset=\"https:\/\/coderdojo-annecy.com\/wp-content\/uploads\/2023\/03\/Coderdojo_annecy_8370-1024x683.jpg 1024w, https:\/\/coderdojo-annecy.com\/wp-content\/uploads\/2023\/03\/Coderdojo_annecy_8370-300x200.jpg 300w, https:\/\/coderdojo-annecy.com\/wp-content\/uploads\/2023\/03\/Coderdojo_annecy_8370-768x512.jpg 768w, https:\/\/coderdojo-annecy.com\/wp-content\/uploads\/2023\/03\/Coderdojo_annecy_8370-1536x1024.jpg 1536w, https:\/\/coderdojo-annecy.com\/wp-content\/uploads\/2023\/03\/Coderdojo_annecy_8370-2048x1365.jpg 2048w, https:\/\/coderdojo-annecy.com\/wp-content\/uploads\/2023\/03\/Coderdojo_annecy_8370-2000x1333.jpg 2000w\" sizes=\"(max-width: 1024px) 100vw, 1024px\" \/><\/figure>\n<\/figure>\n\n\n\n<div class=\"wp-block-media-text alignwide is-stacked-on-mobile\"><figure class=\"wp-block-media-text__media\"><img decoding=\"async\" loading=\"lazy\" width=\"1024\" height=\"768\" src=\"https:\/\/coderdojo-annecy.com\/wp-content\/uploads\/2023\/03\/31313_alt12-1024x768.jpg\" alt=\"\" class=\"wp-image-11872 size-full\" srcset=\"https:\/\/coderdojo-annecy.com\/wp-content\/uploads\/2023\/03\/31313_alt12-1024x768.jpg 1024w, https:\/\/coderdojo-annecy.com\/wp-content\/uploads\/2023\/03\/31313_alt12-300x225.jpg 300w, https:\/\/coderdojo-annecy.com\/wp-content\/uploads\/2023\/03\/31313_alt12-768x576.jpg 768w, https:\/\/coderdojo-annecy.com\/wp-content\/uploads\/2023\/03\/31313_alt12-1536x1152.jpg 1536w, https:\/\/coderdojo-annecy.com\/wp-content\/uploads\/2023\/03\/31313_alt12-2048x1536.jpg 2048w, https:\/\/coderdojo-annecy.com\/wp-content\/uploads\/2023\/03\/31313_alt12-2000x1500.jpg 2000w\" sizes=\"(max-width: 1024px) 100vw, 1024px\" \/><\/figure><div class=\"wp-block-media-text__content\">\n<p>Pour d\u00e9buter, quoi de mieux que de construire et programmer son robot !<br><br>Nous proposons aux plus jeunes de prendre en main les legos Mindstorm EV3. Un syst\u00e8me qui permet de se familiariser avec la robotique en jouant.<br><br>Eplorateur, guerrier, artiste,&#8230; chaque robot est unique et chaque enfant le con\u00e7oit seul ou en groupe.<\/p>\n<\/div><\/div>\n\n\n\n<div class=\"wp-block-media-text alignwide has-media-on-the-right is-stacked-on-mobile\"><div class=\"wp-block-media-text__content\">\n<p>Les robots Lego Mindstorm se programment tr\u00e8s facilement avec un langage en blocks tr\u00e8s intuitif.<br><br>A l&rsquo;aide des diff\u00e9rents capteurs (couleur, proximit\u00e9, lumi\u00e8re, contact,&#8230;) vos enfants pourront r\u00e9aliser des robots autonomes capables d&rsquo;\u00e9viter des obstacles ou de combattre leurs cong\u00e9n\u00e8res.<\/p>\n<\/div><figure class=\"wp-block-media-text__media\"><img decoding=\"async\" loading=\"lazy\" width=\"862\" height=\"766\" src=\"https:\/\/coderdojo-annecy.com\/wp-content\/uploads\/2023\/03\/Ultrasonic-stop-at-defined-distance-4.16.2021.png\" alt=\"\" class=\"wp-image-11874 size-full\" srcset=\"https:\/\/coderdojo-annecy.com\/wp-content\/uploads\/2023\/03\/Ultrasonic-stop-at-defined-distance-4.16.2021.png 862w, https:\/\/coderdojo-annecy.com\/wp-content\/uploads\/2023\/03\/Ultrasonic-stop-at-defined-distance-4.16.2021-300x267.png 300w, https:\/\/coderdojo-annecy.com\/wp-content\/uploads\/2023\/03\/Ultrasonic-stop-at-defined-distance-4.16.2021-768x682.png 768w\" sizes=\"(max-width: 862px) 100vw, 862px\" \/><\/figure><\/div>\n\n\n\n<div style=\"height:50px\" aria-hidden=\"true\" class=\"wp-block-spacer\"><\/div>\n\n\n\n<figure class=\"is-layout-flex wp-block-gallery-4 wp-block-gallery has-nested-images columns-default is-cropped\">\n<figure class=\"wp-block-image size-full\"><img decoding=\"async\" loading=\"lazy\" width=\"2400\" height=\"1800\" data-id=\"11872\"  src=\"https:\/\/coderdojo-annecy.com\/wp-content\/uploads\/2023\/03\/31313_alt12.jpg\" alt=\"\" class=\"wp-image-11872\" srcset=\"https:\/\/coderdojo-annecy.com\/wp-content\/uploads\/2023\/03\/31313_alt12.jpg 2400w, https:\/\/coderdojo-annecy.com\/wp-content\/uploads\/2023\/03\/31313_alt12-300x225.jpg 300w, https:\/\/coderdojo-annecy.com\/wp-content\/uploads\/2023\/03\/31313_alt12-1024x768.jpg 1024w, https:\/\/coderdojo-annecy.com\/wp-content\/uploads\/2023\/03\/31313_alt12-768x576.jpg 768w, https:\/\/coderdojo-annecy.com\/wp-content\/uploads\/2023\/03\/31313_alt12-1536x1152.jpg 1536w, https:\/\/coderdojo-annecy.com\/wp-content\/uploads\/2023\/03\/31313_alt12-2048x1536.jpg 2048w, https:\/\/coderdojo-annecy.com\/wp-content\/uploads\/2023\/03\/31313_alt12-2000x1500.jpg 2000w\" sizes=\"(max-width: 2400px) 100vw, 2400px\" \/><\/figure>\n\n\n\n<figure class=\"wp-block-image size-full\"><img decoding=\"async\" loading=\"lazy\" width=\"1500\" height=\"878\" data-id=\"11885\"  src=\"https:\/\/coderdojo-annecy.com\/wp-content\/uploads\/2023\/03\/ranger.jpg\" alt=\"\" class=\"wp-image-11885\" srcset=\"https:\/\/coderdojo-annecy.com\/wp-content\/uploads\/2023\/03\/ranger.jpg 1500w, https:\/\/coderdojo-annecy.com\/wp-content\/uploads\/2023\/03\/ranger-300x176.jpg 300w, https:\/\/coderdojo-annecy.com\/wp-content\/uploads\/2023\/03\/ranger-1024x599.jpg 1024w, https:\/\/coderdojo-annecy.com\/wp-content\/uploads\/2023\/03\/ranger-768x450.jpg 768w\" sizes=\"(max-width: 1500px) 100vw, 1500px\" \/><\/figure>\n\n\n\n<figure class=\"wp-block-image size-full\"><img decoding=\"async\" loading=\"lazy\" width=\"720\" height=\"673\" data-id=\"11886\"  src=\"https:\/\/coderdojo-annecy.com\/wp-content\/uploads\/2023\/03\/AConstruire-Programmer_Lego_Mindstorms-EV3.png\" alt=\"\" class=\"wp-image-11886\" srcset=\"https:\/\/coderdojo-annecy.com\/wp-content\/uploads\/2023\/03\/AConstruire-Programmer_Lego_Mindstorms-EV3.png 720w, https:\/\/coderdojo-annecy.com\/wp-content\/uploads\/2023\/03\/AConstruire-Programmer_Lego_Mindstorms-EV3-300x280.png 300w\" sizes=\"(max-width: 720px) 100vw, 720px\" \/><\/figure>\n\n\n\n<figure class=\"wp-block-image size-full\"><img decoding=\"async\" loading=\"lazy\" width=\"2560\" height=\"1707\" data-id=\"11871\"  src=\"https:\/\/coderdojo-annecy.com\/wp-content\/uploads\/2023\/03\/Coderdojo_annecy_8368-scaled.jpg\" alt=\"\" class=\"wp-image-11871\" srcset=\"https:\/\/coderdojo-annecy.com\/wp-content\/uploads\/2023\/03\/Coderdojo_annecy_8368-scaled.jpg 2560w, https:\/\/coderdojo-annecy.com\/wp-content\/uploads\/2023\/03\/Coderdojo_annecy_8368-300x200.jpg 300w, https:\/\/coderdojo-annecy.com\/wp-content\/uploads\/2023\/03\/Coderdojo_annecy_8368-1024x683.jpg 1024w, https:\/\/coderdojo-annecy.com\/wp-content\/uploads\/2023\/03\/Coderdojo_annecy_8368-768x512.jpg 768w, https:\/\/coderdojo-annecy.com\/wp-content\/uploads\/2023\/03\/Coderdojo_annecy_8368-1536x1024.jpg 1536w, https:\/\/coderdojo-annecy.com\/wp-content\/uploads\/2023\/03\/Coderdojo_annecy_8368-2048x1365.jpg 2048w, https:\/\/coderdojo-annecy.com\/wp-content\/uploads\/2023\/03\/Coderdojo_annecy_8368-2000x1333.jpg 2000w\" sizes=\"(max-width: 2560px) 100vw, 2560px\" \/><\/figure>\n\n\n\n<figure class=\"wp-block-image size-full\"><img decoding=\"async\" loading=\"lazy\" width=\"2560\" height=\"1707\" data-id=\"11870\"  src=\"https:\/\/coderdojo-annecy.com\/wp-content\/uploads\/2023\/03\/Coderdojo_annecy_8370-scaled.jpg\" alt=\"\" class=\"wp-image-11870\" srcset=\"https:\/\/coderdojo-annecy.com\/wp-content\/uploads\/2023\/03\/Coderdojo_annecy_8370-scaled.jpg 2560w, https:\/\/coderdojo-annecy.com\/wp-content\/uploads\/2023\/03\/Coderdojo_annecy_8370-300x200.jpg 300w, https:\/\/coderdojo-annecy.com\/wp-content\/uploads\/2023\/03\/Coderdojo_annecy_8370-1024x683.jpg 1024w, https:\/\/coderdojo-annecy.com\/wp-content\/uploads\/2023\/03\/Coderdojo_annecy_8370-768x512.jpg 768w, https:\/\/coderdojo-annecy.com\/wp-content\/uploads\/2023\/03\/Coderdojo_annecy_8370-1536x1024.jpg 1536w, https:\/\/coderdojo-annecy.com\/wp-content\/uploads\/2023\/03\/Coderdojo_annecy_8370-2048x1365.jpg 2048w, https:\/\/coderdojo-annecy.com\/wp-content\/uploads\/2023\/03\/Coderdojo_annecy_8370-2000x1333.jpg 2000w\" sizes=\"(max-width: 2560px) 100vw, 2560px\" \/><\/figure>\n\n\n\n<figure class=\"wp-block-image size-full\"><img decoding=\"async\" loading=\"lazy\" width=\"2048\" height=\"1536\" data-id=\"11846\"  src=\"https:\/\/coderdojo-annecy.com\/wp-content\/uploads\/2023\/03\/IMG_1876.jpg\" alt=\"\" class=\"wp-image-11846\" srcset=\"https:\/\/coderdojo-annecy.com\/wp-content\/uploads\/2023\/03\/IMG_1876.jpg 2048w, https:\/\/coderdojo-annecy.com\/wp-content\/uploads\/2023\/03\/IMG_1876-300x225.jpg 300w, https:\/\/coderdojo-annecy.com\/wp-content\/uploads\/2023\/03\/IMG_1876-1024x768.jpg 1024w, https:\/\/coderdojo-annecy.com\/wp-content\/uploads\/2023\/03\/IMG_1876-768x576.jpg 768w, https:\/\/coderdojo-annecy.com\/wp-content\/uploads\/2023\/03\/IMG_1876-1536x1152.jpg 1536w, https:\/\/coderdojo-annecy.com\/wp-content\/uploads\/2023\/03\/IMG_1876-2000x1500.jpg 2000w\" sizes=\"(max-width: 2048px) 100vw, 2048px\" \/><\/figure>\n<\/figure>\n","protected":false},"excerpt":{"rendered":"<p>Pour d\u00e9buter, quoi de mieux que de construire et programmer son robot ! Nous proposons aux plus jeunes de prendre en main les legos Mindstorm EV3. Un syst\u00e8me qui permet de se familiariser avec la robotique en jouant. Eplorateur, guerrier, artiste,&#8230; chaque robot est unique et chaque enfant le con\u00e7oit seul ou en groupe. Les &hellip; <\/p>\n<p class=\"link-more\"><a href=\"https:\/\/coderdojo-annecy.com\/index.php\/robotique\/\" class=\"more-link\">Lire la suite de<span class=\"screen-reader-text\">\u00ab\u00a0ROBOTIQUE\u00a0\u00bb<\/span><\/a><\/p>\n","protected":false},"author":1,"featured_media":0,"parent":0,"menu_order":0,"comment_status":"closed","ping_status":"closed","template":"template-page-builder.php","meta":[],"_links":{"self":[{"href":"https:\/\/coderdojo-annecy.com\/index.php\/wp-json\/wp\/v2\/pages\/11880"}],"collection":[{"href":"https:\/\/coderdojo-annecy.com\/index.php\/wp-json\/wp\/v2\/pages"}],"about":[{"href":"https:\/\/coderdojo-annecy.com\/index.php\/wp-json\/wp\/v2\/types\/page"}],"author":[{"embeddable":true,"href":"https:\/\/coderdojo-annecy.com\/index.php\/wp-json\/wp\/v2\/users\/1"}],"replies":[{"embeddable":true,"href":"https:\/\/coderdojo-annecy.com\/index.php\/wp-json\/wp\/v2\/comments?post=11880"}],"version-history":[{"count":7,"href":"https:\/\/coderdojo-annecy.com\/index.php\/wp-json\/wp\/v2\/pages\/11880\/revisions"}],"predecessor-version":[{"id":11968,"href":"https:\/\/coderdojo-annecy.com\/index.php\/wp-json\/wp\/v2\/pages\/11880\/revisions\/11968"}],"wp:attachment":[{"href":"https:\/\/coderdojo-annecy.com\/index.php\/wp-json\/wp\/v2\/media?parent=11880"}],"curies":[{"name":"wp","href":"https:\/\/api.w.org\/{rel}","templated":true}]}}