{"id":11916,"date":"2023-03-28T08:21:54","date_gmt":"2023-03-28T06:21:54","guid":{"rendered":"https:\/\/coderdojo-annecy.com\/index.php\/?page_id=11916"},"modified":"2023-03-28T10:01:17","modified_gmt":"2023-03-28T08:01:17","slug":"nos-master-class","status":"publish","type":"page","link":"https:\/\/coderdojo-annecy.com\/index.php\/nos-master-class\/","title":{"rendered":"NOS MASTERCLASS"},"content":{"rendered":"\n<div class=\"is-vertical is-layout-flex wp-container-1 wp-block-group\"><\/div>\n\n\n\n<div class=\"wp-block-media-text alignwide is-stacked-on-mobile\"><figure class=\"wp-block-media-text__media\"><img decoding=\"async\" loading=\"lazy\" width=\"1024\" height=\"683\" src=\"https:\/\/coderdojo-annecy.com\/wp-content\/uploads\/2023\/03\/Coderdojo_annecy_8378-1024x683.jpg\" alt=\"\" class=\"wp-image-11832 size-full\" srcset=\"https:\/\/coderdojo-annecy.com\/wp-content\/uploads\/2023\/03\/Coderdojo_annecy_8378-1024x683.jpg 1024w, https:\/\/coderdojo-annecy.com\/wp-content\/uploads\/2023\/03\/Coderdojo_annecy_8378-300x200.jpg 300w, https:\/\/coderdojo-annecy.com\/wp-content\/uploads\/2023\/03\/Coderdojo_annecy_8378-768x512.jpg 768w, https:\/\/coderdojo-annecy.com\/wp-content\/uploads\/2023\/03\/Coderdojo_annecy_8378-1536x1024.jpg 1536w, https:\/\/coderdojo-annecy.com\/wp-content\/uploads\/2023\/03\/Coderdojo_annecy_8378-2048x1365.jpg 2048w, https:\/\/coderdojo-annecy.com\/wp-content\/uploads\/2023\/03\/Coderdojo_annecy_8378-2000x1333.jpg 2000w\" sizes=\"(max-width: 1024px) 100vw, 1024px\" \/><\/figure><div class=\"wp-block-media-text__content\">\n<p>L&rsquo;un des objectifs de Coder Dojo est de faire d\u00e9couvrir \u00e0 nos membres la culture num\u00e9rique, de leurs faire comprendre les enjeux des nouvelles technologies.<\/p>\n\n\n\n<p>5 \u00e0 6 fois par an, nous organisons une masterclass de 30 minutes \u00e0 une heure sur un sujet d\u00e9fini dans la salle de projection des Pap\u00e8teries.<br><br>Nous animons ces masterclass nous m\u00eames ou en conviant des sp\u00e9cialistes des domaines quand c&rsquo;est possible. <strong>Les parents sont invit\u00e9s.<\/strong><\/p>\n<\/div><\/div>\n\n\n\n<div style=\"height:50px\" aria-hidden=\"true\" class=\"wp-block-spacer\"><\/div>\n\n\n\n<h3 class=\"has-text-align-center\">Nos derni\u00e8res masterclass<\/h3>\n\n\n\n<figure class=\"is-layout-flex wp-block-gallery-2 wp-block-gallery has-nested-images columns-default is-cropped\">\n<figure class=\"wp-block-image size-large\"><img decoding=\"async\" loading=\"lazy\" width=\"1024\" height=\"768\" data-id=\"11919\"  src=\"https:\/\/coderdojo-annecy.com\/wp-content\/uploads\/2023\/03\/IMG_4431-1024x768.jpg\" alt=\"\" class=\"wp-image-11919\" srcset=\"https:\/\/coderdojo-annecy.com\/wp-content\/uploads\/2023\/03\/IMG_4431-1024x768.jpg 1024w, https:\/\/coderdojo-annecy.com\/wp-content\/uploads\/2023\/03\/IMG_4431-300x225.jpg 300w, https:\/\/coderdojo-annecy.com\/wp-content\/uploads\/2023\/03\/IMG_4431-768x576.jpg 768w, https:\/\/coderdojo-annecy.com\/wp-content\/uploads\/2023\/03\/IMG_4431-1536x1152.jpg 1536w, https:\/\/coderdojo-annecy.com\/wp-content\/uploads\/2023\/03\/IMG_4431-2048x1536.jpg 2048w, https:\/\/coderdojo-annecy.com\/wp-content\/uploads\/2023\/03\/IMG_4431-2000x1500.jpg 2000w\" sizes=\"(max-width: 1024px) 100vw, 1024px\" \/><figcaption class=\"wp-element-caption\">S\u00e9curit\u00e9 informatique et hacking<\/figcaption><\/figure>\n\n\n\n<figure class=\"wp-block-image size-large\"><img decoding=\"async\" loading=\"lazy\" width=\"1024\" height=\"768\" data-id=\"11920\"  src=\"https:\/\/coderdojo-annecy.com\/wp-content\/uploads\/2023\/03\/IMG_6864-1024x768.jpg\" alt=\"\" class=\"wp-image-11920\" srcset=\"https:\/\/coderdojo-annecy.com\/wp-content\/uploads\/2023\/03\/IMG_6864-1024x768.jpg 1024w, https:\/\/coderdojo-annecy.com\/wp-content\/uploads\/2023\/03\/IMG_6864-300x225.jpg 300w, https:\/\/coderdojo-annecy.com\/wp-content\/uploads\/2023\/03\/IMG_6864-768x576.jpg 768w, https:\/\/coderdojo-annecy.com\/wp-content\/uploads\/2023\/03\/IMG_6864-1536x1152.jpg 1536w, https:\/\/coderdojo-annecy.com\/wp-content\/uploads\/2023\/03\/IMG_6864-2048x1536.jpg 2048w, https:\/\/coderdojo-annecy.com\/wp-content\/uploads\/2023\/03\/IMG_6864-2000x1500.jpg 2000w\" sizes=\"(max-width: 1024px) 100vw, 1024px\" \/><figcaption class=\"wp-element-caption\">Impression 3D<\/figcaption><\/figure>\n\n\n\n<figure class=\"wp-block-image size-large\"><img decoding=\"async\" loading=\"lazy\" width=\"1024\" height=\"683\" data-id=\"11921\"  src=\"https:\/\/coderdojo-annecy.com\/wp-content\/uploads\/2023\/03\/Coderdojo_annecy_8326-1024x683.jpg\" alt=\"\" class=\"wp-image-11921\" srcset=\"https:\/\/coderdojo-annecy.com\/wp-content\/uploads\/2023\/03\/Coderdojo_annecy_8326-1024x683.jpg 1024w, https:\/\/coderdojo-annecy.com\/wp-content\/uploads\/2023\/03\/Coderdojo_annecy_8326-300x200.jpg 300w, https:\/\/coderdojo-annecy.com\/wp-content\/uploads\/2023\/03\/Coderdojo_annecy_8326-768x512.jpg 768w, https:\/\/coderdojo-annecy.com\/wp-content\/uploads\/2023\/03\/Coderdojo_annecy_8326-1536x1024.jpg 1536w, https:\/\/coderdojo-annecy.com\/wp-content\/uploads\/2023\/03\/Coderdojo_annecy_8326-2048x1365.jpg 2048w, https:\/\/coderdojo-annecy.com\/wp-content\/uploads\/2023\/03\/Coderdojo_annecy_8326-2000x1333.jpg 2000w\" sizes=\"(max-width: 1024px) 100vw, 1024px\" \/><figcaption class=\"wp-element-caption\">Robotique<\/figcaption><\/figure>\n<\/figure>\n\n\n\n<div style=\"height:50px\" aria-hidden=\"true\" class=\"wp-block-spacer\"><\/div>\n\n\n\n<h3 class=\"has-text-align-center\">Le programme<\/h3>\n\n\n\n<div class=\"wp-block-media-text alignwide is-stacked-on-mobile\"><figure class=\"wp-block-media-text__media\"><img decoding=\"async\" loading=\"lazy\" width=\"1024\" height=\"683\" src=\"https:\/\/coderdojo-annecy.com\/wp-content\/uploads\/2023\/03\/Coderdojo_annecy_8347-1024x683.jpg\" alt=\"\" class=\"wp-image-11922 size-full\" srcset=\"https:\/\/coderdojo-annecy.com\/wp-content\/uploads\/2023\/03\/Coderdojo_annecy_8347-1024x683.jpg 1024w, https:\/\/coderdojo-annecy.com\/wp-content\/uploads\/2023\/03\/Coderdojo_annecy_8347-300x200.jpg 300w, https:\/\/coderdojo-annecy.com\/wp-content\/uploads\/2023\/03\/Coderdojo_annecy_8347-768x512.jpg 768w, https:\/\/coderdojo-annecy.com\/wp-content\/uploads\/2023\/03\/Coderdojo_annecy_8347-1536x1024.jpg 1536w, https:\/\/coderdojo-annecy.com\/wp-content\/uploads\/2023\/03\/Coderdojo_annecy_8347-2048x1365.jpg 2048w, https:\/\/coderdojo-annecy.com\/wp-content\/uploads\/2023\/03\/Coderdojo_annecy_8347-2000x1333.jpg 2000w\" sizes=\"(max-width: 1024px) 100vw, 1024px\" \/><\/figure><div class=\"wp-block-media-text__content\">\n<h4>No prochaines masterclass :<\/h4>\n\n\n\n<ul>\n<li>L&rsquo;intelligence artificielle<\/li>\n\n\n\n<li>Les r\u00e9seaux sociaux<\/li>\n\n\n\n<li>L&rsquo;histoire du jeu vid\u00e9o et le retrogaming<\/li>\n<\/ul>\n<\/div><\/div>\n\n\n\n<div style=\"height:100px\" aria-hidden=\"true\" class=\"wp-block-spacer\"><\/div>\n","protected":false},"excerpt":{"rendered":"<p>L&rsquo;un des objectifs de Coder Dojo est de faire d\u00e9couvrir \u00e0 nos membres la culture num\u00e9rique, de leurs faire comprendre les enjeux des nouvelles technologies. 5 \u00e0 6 fois par an, nous organisons une masterclass de 30 minutes \u00e0 une heure sur un sujet d\u00e9fini dans la salle de projection des Pap\u00e8teries. Nous animons ces &hellip; <\/p>\n<p class=\"link-more\"><a href=\"https:\/\/coderdojo-annecy.com\/index.php\/nos-master-class\/\" class=\"more-link\">Lire la suite de<span class=\"screen-reader-text\">\u00ab\u00a0NOS MASTERCLASS\u00a0\u00bb<\/span><\/a><\/p>\n","protected":false},"author":1,"featured_media":0,"parent":0,"menu_order":0,"comment_status":"closed","ping_status":"closed","template":"template-page-builder.php","meta":[],"_links":{"self":[{"href":"https:\/\/coderdojo-annecy.com\/index.php\/wp-json\/wp\/v2\/pages\/11916"}],"collection":[{"href":"https:\/\/coderdojo-annecy.com\/index.php\/wp-json\/wp\/v2\/pages"}],"about":[{"href":"https:\/\/coderdojo-annecy.com\/index.php\/wp-json\/wp\/v2\/types\/page"}],"author":[{"embeddable":true,"href":"https:\/\/coderdojo-annecy.com\/index.php\/wp-json\/wp\/v2\/users\/1"}],"replies":[{"embeddable":true,"href":"https:\/\/coderdojo-annecy.com\/index.php\/wp-json\/wp\/v2\/comments?post=11916"}],"version-history":[{"count":4,"href":"https:\/\/coderdojo-annecy.com\/index.php\/wp-json\/wp\/v2\/pages\/11916\/revisions"}],"predecessor-version":[{"id":11960,"href":"https:\/\/coderdojo-annecy.com\/index.php\/wp-json\/wp\/v2\/pages\/11916\/revisions\/11960"}],"wp:attachment":[{"href":"https:\/\/coderdojo-annecy.com\/index.php\/wp-json\/wp\/v2\/media?parent=11916"}],"curies":[{"name":"wp","href":"https:\/\/api.w.org\/{rel}","templated":true}]}}