{"id":11926,"date":"2023-03-28T08:25:47","date_gmt":"2023-03-28T06:25:47","guid":{"rendered":"https:\/\/coderdojo-annecy.com\/index.php\/?page_id=11926"},"modified":"2023-03-28T11:43:41","modified_gmt":"2023-03-28T09:43:41","slug":"lassociation","status":"publish","type":"page","link":"https:\/\/coderdojo-annecy.com\/index.php\/lassociation\/","title":{"rendered":"L&rsquo;ASSOCIATION"},"content":{"rendered":"\n<p><strong><br>Coder Dojo Annecy  a \u00e9t\u00e9 cr\u00e9\u00e9e en 2014 et est soutenue par CITIA depuis sa cr\u00e9ation.<\/strong><br><br><strong>Coder Dojo est une association internationale bas\u00e9e en Irlande, il existe 2500 clubs Coder Dojo dans le monde.<br><br>Pour inscrire vos enfants \u00e0 l&rsquo;association, il suffit d&rsquo;une adh\u00e9sion. Elle et fix\u00e9e \u00e0 70\u20ac par an et par enfant.<\/strong><\/p>\n\n\n\n<div style=\"height:44px\" aria-hidden=\"true\" class=\"wp-block-spacer\"><\/div>\n\n\n\n<figure class=\"is-layout-flex wp-block-gallery-1 wp-block-gallery has-nested-images columns-default is-cropped\">\n<figure class=\"wp-block-image size-large\"><img decoding=\"async\" loading=\"lazy\" width=\"1024\" height=\"768\" data-id=\"11917\"  src=\"https:\/\/coderdojo-annecy.com\/wp-content\/uploads\/2023\/03\/IMG_0058-1024x768.jpg\" alt=\"\" class=\"wp-image-11917\" srcset=\"https:\/\/coderdojo-annecy.com\/wp-content\/uploads\/2023\/03\/IMG_0058-1024x768.jpg 1024w, https:\/\/coderdojo-annecy.com\/wp-content\/uploads\/2023\/03\/IMG_0058-300x225.jpg 300w, https:\/\/coderdojo-annecy.com\/wp-content\/uploads\/2023\/03\/IMG_0058-768x576.jpg 768w, https:\/\/coderdojo-annecy.com\/wp-content\/uploads\/2023\/03\/IMG_0058-1536x1152.jpg 1536w, https:\/\/coderdojo-annecy.com\/wp-content\/uploads\/2023\/03\/IMG_0058-2048x1536.jpg 2048w, https:\/\/coderdojo-annecy.com\/wp-content\/uploads\/2023\/03\/IMG_0058-2000x1500.jpg 2000w\" sizes=\"(max-width: 1024px) 100vw, 1024px\" \/><\/figure>\n\n\n\n<figure class=\"wp-block-image size-large\"><img decoding=\"async\" loading=\"lazy\" width=\"1024\" height=\"768\" data-id=\"11928\"  src=\"https:\/\/coderdojo-annecy.com\/wp-content\/uploads\/2023\/03\/Coderdojo_annecy_IMG_8109-1024x768.jpg\" alt=\"\" class=\"wp-image-11928\" srcset=\"https:\/\/coderdojo-annecy.com\/wp-content\/uploads\/2023\/03\/Coderdojo_annecy_IMG_8109-1024x768.jpg 1024w, https:\/\/coderdojo-annecy.com\/wp-content\/uploads\/2023\/03\/Coderdojo_annecy_IMG_8109-300x225.jpg 300w, https:\/\/coderdojo-annecy.com\/wp-content\/uploads\/2023\/03\/Coderdojo_annecy_IMG_8109-768x576.jpg 768w, https:\/\/coderdojo-annecy.com\/wp-content\/uploads\/2023\/03\/Coderdojo_annecy_IMG_8109-1536x1152.jpg 1536w, https:\/\/coderdojo-annecy.com\/wp-content\/uploads\/2023\/03\/Coderdojo_annecy_IMG_8109-2048x1536.jpg 2048w, https:\/\/coderdojo-annecy.com\/wp-content\/uploads\/2023\/03\/Coderdojo_annecy_IMG_8109-2000x1500.jpg 2000w\" sizes=\"(max-width: 1024px) 100vw, 1024px\" \/><\/figure>\n\n\n\n<figure class=\"wp-block-image size-large\"><img decoding=\"async\" loading=\"lazy\" width=\"1024\" height=\"768\" data-id=\"11895\"  src=\"https:\/\/coderdojo-annecy.com\/wp-content\/uploads\/2023\/03\/IMG_1966-1024x768.jpeg\" alt=\"\" class=\"wp-image-11895\" srcset=\"https:\/\/coderdojo-annecy.com\/wp-content\/uploads\/2023\/03\/IMG_1966-1024x768.jpeg 1024w, https:\/\/coderdojo-annecy.com\/wp-content\/uploads\/2023\/03\/IMG_1966-300x225.jpeg 300w, https:\/\/coderdojo-annecy.com\/wp-content\/uploads\/2023\/03\/IMG_1966-768x576.jpeg 768w, https:\/\/coderdojo-annecy.com\/wp-content\/uploads\/2023\/03\/IMG_1966-1536x1152.jpeg 1536w, https:\/\/coderdojo-annecy.com\/wp-content\/uploads\/2023\/03\/IMG_1966-2000x1500.jpeg 2000w, https:\/\/coderdojo-annecy.com\/wp-content\/uploads\/2023\/03\/IMG_1966.jpeg 2048w\" sizes=\"(max-width: 1024px) 100vw, 1024px\" \/><\/figure>\n<\/figure>\n\n\n\n<div style=\"height:50px\" aria-hidden=\"true\" class=\"wp-block-spacer\"><\/div>\n\n\n\n<h3 class=\"has-text-align-center\">Coder Dojo est anim\u00e9 par une \u00e9quipe de b\u00e9n\u00e9voles :<\/h3>\n\n\n\n<div class=\"wp-block-media-text alignwide is-stacked-on-mobile\" style=\"grid-template-columns:26% auto\"><figure class=\"wp-block-media-text__media\"><img decoding=\"async\" loading=\"lazy\" width=\"882\" height=\"1024\" src=\"https:\/\/coderdojo-annecy.com\/wp-content\/uploads\/2023\/03\/sbenard-882x1024.jpg\" alt=\"\" class=\"wp-image-11933 size-full\" srcset=\"https:\/\/coderdojo-annecy.com\/wp-content\/uploads\/2023\/03\/sbenard-882x1024.jpg 882w, https:\/\/coderdojo-annecy.com\/wp-content\/uploads\/2023\/03\/sbenard-258x300.jpg 258w, https:\/\/coderdojo-annecy.com\/wp-content\/uploads\/2023\/03\/sbenard-768x892.jpg 768w, https:\/\/coderdojo-annecy.com\/wp-content\/uploads\/2023\/03\/sbenard-1323x1536.jpg 1323w, https:\/\/coderdojo-annecy.com\/wp-content\/uploads\/2023\/03\/sbenard.jpg 1512w\" sizes=\"(max-width: 882px) 100vw, 882px\" \/><\/figure><div class=\"wp-block-media-text__content\">\n<h3>Sylvestre B\u00e9nard<\/h3>\n\n\n\n<p>Sylvestre \u00e0 une solide culture num\u00e9rique, il est tomb\u00e9 dedans dans les ann\u00e9e 80. Il a connu toutes les g\u00e9n\u00e9rations de micro ordinateurs.<br><br>Il n&rsquo;est pas programmeur mais la conception des interfaces et la cr\u00e9ation digitale n&rsquo;ont plus de secrets pour lui.<\/p>\n<\/div><\/div>\n\n\n\n<div style=\"height:30px\" aria-hidden=\"true\" class=\"wp-block-spacer\"><\/div>\n\n\n\n<div class=\"wp-block-media-text alignwide is-stacked-on-mobile\" style=\"grid-template-columns:26% auto\"><figure class=\"wp-block-media-text__media\"><img decoding=\"async\" loading=\"lazy\" width=\"650\" height=\"656\" src=\"https:\/\/coderdojo-annecy.com\/wp-content\/uploads\/2023\/03\/cb0fd68c-6b37-4754-930c-3428ec3d1681.jpg\" alt=\"\" class=\"wp-image-11934 size-full\" srcset=\"https:\/\/coderdojo-annecy.com\/wp-content\/uploads\/2023\/03\/cb0fd68c-6b37-4754-930c-3428ec3d1681.jpg 650w, https:\/\/coderdojo-annecy.com\/wp-content\/uploads\/2023\/03\/cb0fd68c-6b37-4754-930c-3428ec3d1681-297x300.jpg 297w, https:\/\/coderdojo-annecy.com\/wp-content\/uploads\/2023\/03\/cb0fd68c-6b37-4754-930c-3428ec3d1681-150x150.jpg 150w\" sizes=\"(max-width: 650px) 100vw, 650px\" \/><\/figure><div class=\"wp-block-media-text__content\">\n<h3>Alexandre Sanchez<\/h3>\n\n\n\n<p>D\u00e9veloppeur pluridisciplinaire et passionn\u00e9, il connait sur le bout des doigts UNREAL et le d\u00e9veloppement de jeux en Blueprint.<br><br>C&rsquo;est lui qui est responsable de l&rsquo;activit\u00e9 conception de jeux vid\u00e9o.<\/p>\n<\/div><\/div>\n\n\n\n<div style=\"height:30px\" aria-hidden=\"true\" class=\"wp-block-spacer\"><\/div>\n\n\n\n<div class=\"wp-block-media-text alignwide is-stacked-on-mobile\" style=\"grid-template-columns:26% auto\"><figure class=\"wp-block-media-text__media\"><img decoding=\"async\" loading=\"lazy\" width=\"990\" height=\"1024\" src=\"https:\/\/coderdojo-annecy.com\/wp-content\/uploads\/2023\/03\/IMG_8192-990x1024.jpg\" alt=\"\" class=\"wp-image-11935 size-full\" srcset=\"https:\/\/coderdojo-annecy.com\/wp-content\/uploads\/2023\/03\/IMG_8192-990x1024.jpg 990w, https:\/\/coderdojo-annecy.com\/wp-content\/uploads\/2023\/03\/IMG_8192-290x300.jpg 290w, https:\/\/coderdojo-annecy.com\/wp-content\/uploads\/2023\/03\/IMG_8192-768x795.jpg 768w, https:\/\/coderdojo-annecy.com\/wp-content\/uploads\/2023\/03\/IMG_8192.jpg 1150w\" sizes=\"(max-width: 990px) 100vw, 990px\" \/><\/figure><div class=\"wp-block-media-text__content\">\n<h3>Tristan Picut<\/h3>\n\n\n\n<p>Programmeur web \u00e9m\u00e9rite, c&rsquo;est l&rsquo;un des premiers mentors de Coder Dojo, il est pr\u00e9sent depuis la cr\u00e9ation de l&rsquo;association.<br><br>Il apporte ses connaissances et sa bonne humeur \u00e0 tous les groupes.<\/p>\n<\/div><\/div>\n\n\n\n<div style=\"height:50px\" aria-hidden=\"true\" class=\"wp-block-spacer\"><\/div>\n\n\n\n<h3 class=\"has-text-align-center\">Nos Partenaires<\/h3>\n\n\n<p style=\"text-align: center;\"><img decoding=\"async\" loading=\"lazy\" class=\"alignnone  wp-image-11941\" src=\"https:\/\/coderdojo-annecy.com\/wp-content\/uploads\/2023\/03\/coderDojo_1200x600-1024x512.jpg\" alt=\"\" width=\"172\" height=\"86\" srcset=\"https:\/\/coderdojo-annecy.com\/wp-content\/uploads\/2023\/03\/coderDojo_1200x600-1024x512.jpg 1024w, https:\/\/coderdojo-annecy.com\/wp-content\/uploads\/2023\/03\/coderDojo_1200x600-300x150.jpg 300w, https:\/\/coderdojo-annecy.com\/wp-content\/uploads\/2023\/03\/coderDojo_1200x600-768x384.jpg 768w, https:\/\/coderdojo-annecy.com\/wp-content\/uploads\/2023\/03\/coderDojo_1200x600.jpg 1200w\" sizes=\"(max-width: 172px) 100vw, 172px\" \/>&nbsp; &nbsp; &nbsp;<img decoding=\"async\" loading=\"lazy\" class=\"alignnone  wp-image-11939\" src=\"https:\/\/coderdojo-annecy.com\/wp-content\/uploads\/2023\/03\/Logo_annecy.svg_-1024x164.png\" alt=\"\" width=\"243\" height=\"39\" srcset=\"https:\/\/coderdojo-annecy.com\/wp-content\/uploads\/2023\/03\/Logo_annecy.svg_-1024x164.png 1024w, https:\/\/coderdojo-annecy.com\/wp-content\/uploads\/2023\/03\/Logo_annecy.svg_-300x48.png 300w, https:\/\/coderdojo-annecy.com\/wp-content\/uploads\/2023\/03\/Logo_annecy.svg_-768x123.png 768w, https:\/\/coderdojo-annecy.com\/wp-content\/uploads\/2023\/03\/Logo_annecy.svg_.png 1280w\" sizes=\"(max-width: 243px) 100vw, 243px\" \/>&nbsp; &nbsp; &nbsp;<img decoding=\"async\" loading=\"lazy\" class=\"alignnone  wp-image-11938\" src=\"https:\/\/coderdojo-annecy.com\/wp-content\/uploads\/2023\/03\/b_logo_citia-1.png\" alt=\"\" width=\"149\" height=\"86\" srcset=\"https:\/\/coderdojo-annecy.com\/wp-content\/uploads\/2023\/03\/b_logo_citia-1.png 330w, https:\/\/coderdojo-annecy.com\/wp-content\/uploads\/2023\/03\/b_logo_citia-1-300x174.png 300w\" sizes=\"(max-width: 149px) 100vw, 149px\" \/>&nbsp; <img decoding=\"async\" loading=\"lazy\" class=\"alignnone  wp-image-11936\" src=\"https:\/\/coderdojo-annecy.com\/wp-content\/uploads\/2023\/03\/MCI-France-Logo_-630x405-_-\u00a9-MCI-France.jpg\" alt=\"\" width=\"146\" height=\"94\" srcset=\"https:\/\/coderdojo-annecy.com\/wp-content\/uploads\/2023\/03\/MCI-France-Logo_-630x405-_-\u00a9-MCI-France.jpg 630w, https:\/\/coderdojo-annecy.com\/wp-content\/uploads\/2023\/03\/MCI-France-Logo_-630x405-_-\u00a9-MCI-France-300x193.jpg 300w\" sizes=\"(max-width: 146px) 100vw, 146px\" \/><\/p>\n\n\n<p><\/p>\n\n\n\n<div style=\"height:52px\" aria-hidden=\"true\" class=\"wp-block-spacer\"><\/div>\n","protected":false},"excerpt":{"rendered":"<p>Coder Dojo Annecy a \u00e9t\u00e9 cr\u00e9\u00e9e en 2014 et est soutenue par CITIA depuis sa cr\u00e9ation. Coder Dojo est une association internationale bas\u00e9e en Irlande, il existe 2500 clubs Coder Dojo dans le monde. Pour inscrire vos enfants \u00e0 l&rsquo;association, il suffit d&rsquo;une adh\u00e9sion. Elle et fix\u00e9e \u00e0 70\u20ac par an et par enfant. Coder &hellip; <\/p>\n<p class=\"link-more\"><a href=\"https:\/\/coderdojo-annecy.com\/index.php\/lassociation\/\" class=\"more-link\">Lire la suite de<span class=\"screen-reader-text\">\u00ab\u00a0L&rsquo;ASSOCIATION\u00a0\u00bb<\/span><\/a><\/p>\n","protected":false},"author":1,"featured_media":0,"parent":0,"menu_order":0,"comment_status":"closed","ping_status":"closed","template":"","meta":[],"_links":{"self":[{"href":"https:\/\/coderdojo-annecy.com\/index.php\/wp-json\/wp\/v2\/pages\/11926"}],"collection":[{"href":"https:\/\/coderdojo-annecy.com\/index.php\/wp-json\/wp\/v2\/pages"}],"about":[{"href":"https:\/\/coderdojo-annecy.com\/index.php\/wp-json\/wp\/v2\/types\/page"}],"author":[{"embeddable":true,"href":"https:\/\/coderdojo-annecy.com\/index.php\/wp-json\/wp\/v2\/users\/1"}],"replies":[{"embeddable":true,"href":"https:\/\/coderdojo-annecy.com\/index.php\/wp-json\/wp\/v2\/comments?post=11926"}],"version-history":[{"count":11,"href":"https:\/\/coderdojo-annecy.com\/index.php\/wp-json\/wp\/v2\/pages\/11926\/revisions"}],"predecessor-version":[{"id":11967,"href":"https:\/\/coderdojo-annecy.com\/index.php\/wp-json\/wp\/v2\/pages\/11926\/revisions\/11967"}],"wp:attachment":[{"href":"https:\/\/coderdojo-annecy.com\/index.php\/wp-json\/wp\/v2\/media?parent=11926"}],"curies":[{"name":"wp","href":"https:\/\/api.w.org\/{rel}","templated":true}]}}