{"id":11951,"date":"2023-03-28T09:41:13","date_gmt":"2023-03-28T07:41:13","guid":{"rendered":"https:\/\/coderdojo-annecy.com\/index.php\/?page_id=11951"},"modified":"2023-03-28T10:11:11","modified_gmt":"2023-03-28T08:11:11","slug":"contact","status":"publish","type":"page","link":"https:\/\/coderdojo-annecy.com\/index.php\/contact\/","title":{"rendered":"CONTACT"},"content":{"rendered":"\n<div class=\"is-vertical is-layout-flex wp-container-1 wp-block-group\">\n<p><strong>Les portes de Coder Dojo Annecy sont ouvertes tous les vendredi soir de 18h \u00e0 20h hors vacances scolaires<\/strong> aux Papeteries Images Factory 1 place Augustin Aussiat  \u00e0 Annecy Cran Gevrier<br>la premi\u00e8re s\u00e9ance est offerte<strong>.<\/strong><br><br>Mais si vous voulez plus de renseignements n&rsquo;h\u00e9sitez pas \u00e0 nous contacter avec le formulaire ci-dessous :<\/p>\n<\/div>\n\n\n\n<div style=\"height:50px\" aria-hidden=\"true\" class=\"wp-block-spacer\"><\/div>\n\n\n\n<div style=\"height:30px\" aria-hidden=\"true\" class=\"wp-block-spacer\"><\/div>\n\n\n\n<div class=\"wp-block-contact-form-7-contact-form-selector\">\n<div class=\"wpcf7 no-js\" id=\"wpcf7-f11-o1\" lang=\"fr-FR\" dir=\"ltr\">\n<div class=\"screen-reader-response\"><p role=\"status\" aria-live=\"polite\" aria-atomic=\"true\"><\/p> <ul><\/ul><\/div>\n<form action=\"\/index.php\/wp-json\/wp\/v2\/pages\/11951#wpcf7-f11-o1\" method=\"post\" class=\"wpcf7-form init\" aria-label=\"Formulaire de contact\" novalidate=\"novalidate\" data-status=\"init\">\n<div style=\"display: none;\">\n<input type=\"hidden\" name=\"_wpcf7\" value=\"11\" \/>\n<input type=\"hidden\" name=\"_wpcf7_version\" value=\"5.7.7\" \/>\n<input type=\"hidden\" name=\"_wpcf7_locale\" value=\"fr_FR\" \/>\n<input type=\"hidden\" name=\"_wpcf7_unit_tag\" value=\"wpcf7-f11-o1\" \/>\n<input type=\"hidden\" name=\"_wpcf7_container_post\" value=\"0\" \/>\n<input type=\"hidden\" name=\"_wpcf7_posted_data_hash\" value=\"\" \/>\n<\/div>\n<p><label> Votre Nom (requis)<br \/>\n<span class=\"wpcf7-form-control-wrap\" data-name=\"your-name\"><input size=\"40\" class=\"wpcf7-form-control wpcf7-text wpcf7-validates-as-required\" aria-required=\"true\" aria-invalid=\"false\" value=\"\" type=\"text\" name=\"your-name\" \/><\/span> <\/label>\n<\/p>\n<p><label> Votre Email (requis)<br \/>\n<span class=\"wpcf7-form-control-wrap\" data-name=\"your-email\"><input size=\"40\" class=\"wpcf7-form-control wpcf7-text wpcf7-email wpcf7-validates-as-required wpcf7-validates-as-email\" aria-required=\"true\" aria-invalid=\"false\" value=\"\" type=\"email\" name=\"your-email\" \/><\/span> <\/label>\n<\/p>\n<p><label> Sujet<br \/>\n<span class=\"wpcf7-form-control-wrap\" data-name=\"your-subject\"><input size=\"40\" class=\"wpcf7-form-control wpcf7-text\" aria-invalid=\"false\" value=\"\" type=\"text\" name=\"your-subject\" \/><\/span> <\/label>\n<\/p>\n<p><label> Votre Message<br \/>\n<span class=\"wpcf7-form-control-wrap\" data-name=\"your-message\"><textarea cols=\"40\" rows=\"10\" class=\"wpcf7-form-control wpcf7-textarea\" aria-invalid=\"false\" name=\"your-message\"><\/textarea><\/span> <\/label>\n<\/p>\n<p><input class=\"wpcf7-form-control has-spinner wpcf7-submit\" type=\"submit\" value=\"Envoyer\" \/>\n<\/p><p style=\"display: none !important;\" class=\"akismet-fields-container\" data-prefix=\"_wpcf7_ak_\"><label>&#916;<textarea name=\"_wpcf7_ak_hp_textarea\" cols=\"45\" rows=\"8\" maxlength=\"100\"><\/textarea><\/label><input type=\"hidden\" id=\"ak_js_1\" name=\"_wpcf7_ak_js\" value=\"23\"\/><script>\ndocument.getElementById( \"ak_js_1\" ).setAttribute( \"value\", ( new Date() ).getTime() );\n<\/script>\n<\/p><div class=\"wpcf7-response-output\" aria-hidden=\"true\"><\/div>\n<\/form>\n<\/div>\n<\/div>\n\n\n\n<div style=\"height:50px\" aria-hidden=\"true\" class=\"wp-block-spacer\"><\/div>\n\n\n\n<h3 class=\"has-text-align-center\">Nos Partenaires<\/h3>\n\n\n<p style=\"text-align: center;\"><img decoding=\"async\" loading=\"lazy\" class=\"alignnone  wp-image-11941\" src=\"https:\/\/coderdojo-annecy.com\/wp-content\/uploads\/2023\/03\/coderDojo_1200x600-1024x512.jpg\" alt=\"\" width=\"172\" height=\"86\" srcset=\"https:\/\/coderdojo-annecy.com\/wp-content\/uploads\/2023\/03\/coderDojo_1200x600-1024x512.jpg 1024w, https:\/\/coderdojo-annecy.com\/wp-content\/uploads\/2023\/03\/coderDojo_1200x600-300x150.jpg 300w, https:\/\/coderdojo-annecy.com\/wp-content\/uploads\/2023\/03\/coderDojo_1200x600-768x384.jpg 768w, https:\/\/coderdojo-annecy.com\/wp-content\/uploads\/2023\/03\/coderDojo_1200x600.jpg 1200w\" sizes=\"(max-width: 172px) 100vw, 172px\" \/>&nbsp; &nbsp; &nbsp;<img decoding=\"async\" loading=\"lazy\" class=\"alignnone  wp-image-11939\" src=\"https:\/\/coderdojo-annecy.com\/wp-content\/uploads\/2023\/03\/Logo_annecy.svg_-1024x164.png\" alt=\"\" width=\"243\" height=\"39\" srcset=\"https:\/\/coderdojo-annecy.com\/wp-content\/uploads\/2023\/03\/Logo_annecy.svg_-1024x164.png 1024w, https:\/\/coderdojo-annecy.com\/wp-content\/uploads\/2023\/03\/Logo_annecy.svg_-300x48.png 300w, https:\/\/coderdojo-annecy.com\/wp-content\/uploads\/2023\/03\/Logo_annecy.svg_-768x123.png 768w, https:\/\/coderdojo-annecy.com\/wp-content\/uploads\/2023\/03\/Logo_annecy.svg_.png 1280w\" sizes=\"(max-width: 243px) 100vw, 243px\" \/>&nbsp; &nbsp; &nbsp;<img decoding=\"async\" loading=\"lazy\" class=\"alignnone  wp-image-11938\" src=\"https:\/\/coderdojo-annecy.com\/wp-content\/uploads\/2023\/03\/b_logo_citia-1.png\" alt=\"\" width=\"149\" height=\"86\" srcset=\"https:\/\/coderdojo-annecy.com\/wp-content\/uploads\/2023\/03\/b_logo_citia-1.png 330w, https:\/\/coderdojo-annecy.com\/wp-content\/uploads\/2023\/03\/b_logo_citia-1-300x174.png 300w\" sizes=\"(max-width: 149px) 100vw, 149px\" \/>&nbsp; <img decoding=\"async\" loading=\"lazy\" class=\"alignnone  wp-image-11936\" src=\"https:\/\/coderdojo-annecy.com\/wp-content\/uploads\/2023\/03\/MCI-France-Logo_-630x405-_-\u00a9-MCI-France.jpg\" alt=\"\" width=\"146\" height=\"94\" srcset=\"https:\/\/coderdojo-annecy.com\/wp-content\/uploads\/2023\/03\/MCI-France-Logo_-630x405-_-\u00a9-MCI-France.jpg 630w, https:\/\/coderdojo-annecy.com\/wp-content\/uploads\/2023\/03\/MCI-France-Logo_-630x405-_-\u00a9-MCI-France-300x193.jpg 300w\" sizes=\"(max-width: 146px) 100vw, 146px\" \/><\/p>\n\n\n<p><\/p>\n\n\n\n<div style=\"height:52px\" aria-hidden=\"true\" class=\"wp-block-spacer\"><\/div>\n","protected":false},"excerpt":{"rendered":"<p>Les portes de Coder Dojo Annecy sont ouvertes tous les vendredi soir de 18h \u00e0 20h hors vacances scolaires aux Papeteries Images Factory 1 place Augustin Aussiat \u00e0 Annecy Cran Gevrierla premi\u00e8re s\u00e9ance est offerte. Mais si vous voulez plus de renseignements n&rsquo;h\u00e9sitez pas \u00e0 nous contacter avec le formulaire ci-dessous : Nos Partenaires &nbsp; &hellip; <\/p>\n<p class=\"link-more\"><a href=\"https:\/\/coderdojo-annecy.com\/index.php\/contact\/\" class=\"more-link\">Lire la suite de<span class=\"screen-reader-text\">\u00ab\u00a0CONTACT\u00a0\u00bb<\/span><\/a><\/p>\n","protected":false},"author":1,"featured_media":0,"parent":0,"menu_order":0,"comment_status":"closed","ping_status":"closed","template":"","meta":[],"_links":{"self":[{"href":"https:\/\/coderdojo-annecy.com\/index.php\/wp-json\/wp\/v2\/pages\/11951"}],"collection":[{"href":"https:\/\/coderdojo-annecy.com\/index.php\/wp-json\/wp\/v2\/pages"}],"about":[{"href":"https:\/\/coderdojo-annecy.com\/index.php\/wp-json\/wp\/v2\/types\/page"}],"author":[{"embeddable":true,"href":"https:\/\/coderdojo-annecy.com\/index.php\/wp-json\/wp\/v2\/users\/1"}],"replies":[{"embeddable":true,"href":"https:\/\/coderdojo-annecy.com\/index.php\/wp-json\/wp\/v2\/comments?post=11951"}],"version-history":[{"count":3,"href":"https:\/\/coderdojo-annecy.com\/index.php\/wp-json\/wp\/v2\/pages\/11951\/revisions"}],"predecessor-version":[{"id":11961,"href":"https:\/\/coderdojo-annecy.com\/index.php\/wp-json\/wp\/v2\/pages\/11951\/revisions\/11961"}],"wp:attachment":[{"href":"https:\/\/coderdojo-annecy.com\/index.php\/wp-json\/wp\/v2\/media?parent=11951"}],"curies":[{"name":"wp","href":"https:\/\/api.w.org\/{rel}","templated":true}]}}